{"id":2,"date":"2026-02-08T12:42:19","date_gmt":"2026-02-08T12:42:19","guid":{"rendered":"https:\/\/lockandgonosara.com\/?page_id=2"},"modified":"2026-02-18T00:00:40","modified_gmt":"2026-02-18T00:00:40","slug":"about","status":"publish","type":"page","link":"https:\/\/lockandgonosara.com\/es\/about\/","title":{"rendered":"Acerca de nosotros"},"content":{"rendered":"<div data-elementor-type=\"wp-page\" data-elementor-id=\"2\" class=\"elementor elementor-2\">\n\t\t\t\t<div class=\"elementor-element elementor-element-3b915bf e-flex e-con-boxed e-con e-parent\" data-id=\"3b915bf\" data-element_type=\"container\" data-e-type=\"container\">\n\t\t\t\t\t<div class=\"e-con-inner\">\n\t\t\t\t<div class=\"elementor-element elementor-element-e82b912 elementor-widget elementor-widget-spacer\" data-id=\"e82b912\" data-element_type=\"widget\" data-e-type=\"widget\" data-widget_type=\"spacer.default\">\n\t\t\t\t\t\t\t<div class=\"elementor-spacer\">\n\t\t\t<div class=\"elementor-spacer-inner\"><\/div>\n\t\t<\/div>\n\t\t\t\t\t\t<\/div>\n\t\t\t\t\t<\/div>\n\t\t\t\t<\/div>\n\t\t<div class=\"elementor-element elementor-element-bc1228b e-grid e-con-boxed e-con e-parent\" data-id=\"bc1228b\" data-element_type=\"container\" data-e-type=\"container\">\n\t\t\t\t\t<div class=\"e-con-inner\">\n\t\t\t\t<div class=\"elementor-element elementor-element-988f846 elementor-widget elementor-widget-image\" data-id=\"988f846\" data-element_type=\"widget\" data-e-type=\"widget\" data-widget_type=\"image.default\">\n\t\t\t\t\t\t\t\t\t\t\t\t<figure class=\"wp-caption\">\n\t\t\t\t\t\t\t\t\t\t<img fetchpriority=\"high\" decoding=\"async\" width=\"768\" height=\"1024\" src=\"https:\/\/lockandgonosara.com\/wp-content\/uploads\/2026\/02\/Riley2a-768x1024.jpg\" class=\"attachment-medium_large size-medium_large wp-image-715\" alt=\"\" srcset=\"https:\/\/lockandgonosara.com\/wp-content\/uploads\/2026\/02\/Riley2a-768x1024.jpg 768w, https:\/\/lockandgonosara.com\/wp-content\/uploads\/2026\/02\/Riley2a-225x300.jpg 225w, https:\/\/lockandgonosara.com\/wp-content\/uploads\/2026\/02\/Riley2a-1152x1536.jpg 1152w, https:\/\/lockandgonosara.com\/wp-content\/uploads\/2026\/02\/Riley2a.jpg 1200w\" sizes=\"(max-width: 768px) 100vw, 768px\" \/>\t\t\t\t\t\t\t\t\t\t\t<figcaption class=\"widget-image-caption wp-caption-text\">Nuestras taquillas var\u00edan desde este tama\u00f1o grande...<\/figcaption>\n\t\t\t\t\t\t\t\t\t\t<\/figure>\n\t\t\t\t\t\t\t\t\t<\/div>\n\t\t\t\t<div class=\"elementor-element elementor-element-982380b elementor-widget elementor-widget-image\" data-id=\"982380b\" data-element_type=\"widget\" data-e-type=\"widget\" data-widget_type=\"image.default\">\n\t\t\t\t\t\t\t\t\t\t\t\t<figure class=\"wp-caption\">\n\t\t\t\t\t\t\t\t\t\t<img decoding=\"async\" width=\"768\" height=\"1024\" src=\"https:\/\/lockandgonosara.com\/wp-content\/uploads\/2026\/02\/Riley1-768x1024.jpeg\" class=\"attachment-large size-large wp-image-714\" alt=\"\" srcset=\"https:\/\/lockandgonosara.com\/wp-content\/uploads\/2026\/02\/Riley1-768x1024.jpeg 768w, https:\/\/lockandgonosara.com\/wp-content\/uploads\/2026\/02\/Riley1-225x300.jpeg 225w, https:\/\/lockandgonosara.com\/wp-content\/uploads\/2026\/02\/Riley1-1152x1536.jpeg 1152w, https:\/\/lockandgonosara.com\/wp-content\/uploads\/2026\/02\/Riley1.jpeg 1200w\" sizes=\"(max-width: 768px) 100vw, 768px\" \/>\t\t\t\t\t\t\t\t\t\t\t<figcaption class=\"widget-image-caption wp-caption-text\">... m\u00e1s o menos as\u00ed de grande.<\/figcaption>\n\t\t\t\t\t\t\t\t\t\t<\/figure>\n\t\t\t\t\t\t\t\t\t<\/div>\n\t\t\t\t\t<\/div>\n\t\t\t\t<\/div>\n\t\t<div class=\"elementor-element elementor-element-7b2b317 e-flex e-con-boxed e-con e-parent\" data-id=\"7b2b317\" data-element_type=\"container\" data-e-type=\"container\">\n\t\t\t\t\t<div class=\"e-con-inner\">\n\t\t\t\t<div class=\"elementor-element elementor-element-fc4234c elementor-widget elementor-widget-text-editor\" data-id=\"fc4234c\" data-element_type=\"widget\" data-e-type=\"widget\" data-widget_type=\"text-editor.default\">\n\t\t\t\t\t\t\t\t\t<h4>Hola, soy Riley Connelly, el nuevo due\u00f1o de Lock-N-Go en Nosara.<\/h4>\t\t\t\t\t\t\t\t<\/div>\n\t\t\t\t<div class=\"elementor-element elementor-element-ee9f530 elementor-widget elementor-widget-text-editor\" data-id=\"ee9f530\" data-element_type=\"widget\" data-e-type=\"widget\" data-widget_type=\"text-editor.default\">\n\t\t\t\t\t\t\t\t\t<p>Soy residente de tiempo completo de esta incre\u00edble comunidad y me siento afortunada cada d\u00eda por poder llamarla mi hogar. Me he enamorado de Nosara y de la belleza natural de Costa Rica, y sigo conociendo a personas maravillosas.<\/p><p data-start=\"448\" data-end=\"794\">Como residente durante todo el a\u00f1o, entiendo lo dif\u00edcil que puede ser proteger tus pertenencias en un clima tropical. El calor, la humedad y el aire salino del oc\u00e9ano son reales y afectan a casi todo. Por eso, nuestros casilleros climatizados est\u00e1n dise\u00f1ados para mantener tus cosas seguras, secas y protegidas, ya sea que te ausentes por unos d\u00edas, un par de semanas o varios meses.<\/p><p data-start=\"796\" data-end=\"1080\">Lock &amp; Go tiene como objetivo ayudar a las personas a disfrutar de Nosara tal y como debe disfrutarse: de forma relajada, sencilla y sin estr\u00e9s. Tanto si est\u00e1s aqu\u00ed de vacaciones, como si divides tu tiempo entre varios pa\u00edses o vives en Nosara a tiempo completo, tenemos un espacio para ti.<\/p><p data-start=\"1082\" data-end=\"1293\">Nuestros residentes y empresas locales son la columna vertebral de esta comunidad, y servirles bien es la esencia de lo que hacemos. Mi objetivo es sencillo: ser confiable, ser justo y ser alguien con quien les guste hacer negocios.<\/p><p data-start=\"1295\" data-end=\"1339\">Estamos en el edificio IBL, junto a The Well. Espero poder conocerte pronto.<\/p>\t\t\t\t\t\t\t\t<\/div>\n\t\t\t\t<div class=\"elementor-element elementor-element-d8c60c9 elementor-widget elementor-widget-heading\" data-id=\"d8c60c9\" data-element_type=\"widget\" data-e-type=\"widget\" data-widget_type=\"heading.default\">\n\t\t\t\t\t<h4 class=\"elementor-heading-title elementor-size-default\"><a href=\"\/es\/home\/#Contact\">Cont\u00e1cteme si tiene alguna pregunta o para reservar su lugar.<\/a><\/h4>\t\t\t\t<\/div>\n\t\t\t\t\t<\/div>\n\t\t\t\t<\/div>\n\t\t<div class=\"elementor-element elementor-element-aace15e e-flex e-con-boxed e-con e-parent\" data-id=\"aace15e\" data-element_type=\"container\" data-e-type=\"container\">\n\t\t\t\t\t<div class=\"e-con-inner\">\n\t\t\t\t<div class=\"elementor-element elementor-element-eec8a0e elementor-widget elementor-widget-spacer\" data-id=\"eec8a0e\" data-element_type=\"widget\" data-e-type=\"widget\" data-widget_type=\"spacer.default\">\n\t\t\t\t\t\t\t<div class=\"elementor-spacer\">\n\t\t\t<div class=\"elementor-spacer-inner\"><\/div>\n\t\t<\/div>\n\t\t\t\t\t\t<\/div>\n\t\t\t\t\t<\/div>\n\t\t\t\t<\/div>\n\t\t\t\t<\/div>","protected":false},"excerpt":{"rendered":"<p>Our lockers range from this big &#8230; &#8230; to about this big. Hi, I\u2019m Riley Connelly \u2014 the new owner [&hellip;]<\/p>\n","protected":false},"author":1,"featured_media":0,"parent":0,"menu_order":0,"comment_status":"closed","ping_status":"closed","template":"elementor_header_footer","meta":{"site-sidebar-layout":"default","site-content-layout":"","ast-site-content-layout":"default","site-content-style":"default","site-sidebar-style":"default","ast-global-header-display":"","ast-banner-title-visibility":"","ast-main-header-display":"","ast-hfb-above-header-display":"","ast-hfb-below-header-display":"","ast-hfb-mobile-header-display":"","site-post-title":"","ast-breadcrumbs-content":"","ast-featured-img":"","footer-sml-layout":"","ast-disable-related-posts":"","theme-transparent-header-meta":"","adv-header-id-meta":"","stick-header-meta":"","header-above-stick-meta":"","header-main-stick-meta":"","header-below-stick-meta":"","astra-migrate-meta-layouts":"default","ast-page-background-enabled":"default","ast-page-background-meta":{"desktop":{"background-color":"var(--ast-global-color-5)","background-image":"","background-repeat":"repeat","background-position":"center center","background-size":"auto","background-attachment":"scroll","background-type":"","background-media":"","overlay-type":"","overlay-color":"","overlay-opacity":"","overlay-gradient":""},"tablet":{"background-color":"","background-image":"","background-repeat":"repeat","background-position":"center center","background-size":"auto","background-attachment":"scroll","background-type":"","background-media":"","overlay-type":"","overlay-color":"","overlay-opacity":"","overlay-gradient":""},"mobile":{"background-color":"","background-image":"","background-repeat":"repeat","background-position":"center center","background-size":"auto","background-attachment":"scroll","background-type":"","background-media":"","overlay-type":"","overlay-color":"","overlay-opacity":"","overlay-gradient":""}},"ast-content-background-meta":{"desktop":{"background-color":"var(--ast-global-color-4)","background-image":"","background-repeat":"repeat","background-position":"center center","background-size":"auto","background-attachment":"scroll","background-type":"","background-media":"","overlay-type":"","overlay-color":"","overlay-opacity":"","overlay-gradient":""},"tablet":{"background-color":"var(--ast-global-color-4)","background-image":"","background-repeat":"repeat","background-position":"center center","background-size":"auto","background-attachment":"scroll","background-type":"","background-media":"","overlay-type":"","overlay-color":"","overlay-opacity":"","overlay-gradient":""},"mobile":{"background-color":"var(--ast-global-color-4)","background-image":"","background-repeat":"repeat","background-position":"center center","background-size":"auto","background-attachment":"scroll","background-type":"","background-media":"","overlay-type":"","overlay-color":"","overlay-opacity":"","overlay-gradient":""}},"footnotes":""},"class_list":["post-2","page","type-page","status-publish","hentry"],"_links":{"self":[{"href":"https:\/\/lockandgonosara.com\/es\/wp-json\/wp\/v2\/pages\/2","targetHints":{"allow":["GET"]}}],"collection":[{"href":"https:\/\/lockandgonosara.com\/es\/wp-json\/wp\/v2\/pages"}],"about":[{"href":"https:\/\/lockandgonosara.com\/es\/wp-json\/wp\/v2\/types\/page"}],"author":[{"embeddable":true,"href":"https:\/\/lockandgonosara.com\/es\/wp-json\/wp\/v2\/users\/1"}],"replies":[{"embeddable":true,"href":"https:\/\/lockandgonosara.com\/es\/wp-json\/wp\/v2\/comments?post=2"}],"version-history":[{"count":85,"href":"https:\/\/lockandgonosara.com\/es\/wp-json\/wp\/v2\/pages\/2\/revisions"}],"predecessor-version":[{"id":832,"href":"https:\/\/lockandgonosara.com\/es\/wp-json\/wp\/v2\/pages\/2\/revisions\/832"}],"wp:attachment":[{"href":"https:\/\/lockandgonosara.com\/es\/wp-json\/wp\/v2\/media?parent=2"}],"curies":[{"name":"wp","href":"https:\/\/api.w.org\/{rel}","templated":true}]}}